{"id":2111,"date":"2023-07-16T16:09:13","date_gmt":"2023-07-16T16:09:13","guid":{"rendered":"https:\/\/ft-klima.hu\/?post_type=product&#038;p=2111"},"modified":"2024-07-15T10:26:58","modified_gmt":"2024-07-15T10:26:58","slug":"fisher-art-silver-352kw","status":"publish","type":"product","link":"https:\/\/ft-klima.hu\/?product=fisher-art-silver-352kw","title":{"rendered":"Fisher Art (Silver) 3,52kW"},"content":{"rendered":"<p>H\u0171t\u0151k\u00f6ri hiba kijelz\u00e9s<br \/>\nSz\u0171r\u0151tiszt\u00edt\u00e1si ig\u00e9ny kijelz\u00e9se (Opci\u00f3)<br \/>\nInfra t\u00e1vir\u00e1ny\u00edt\u00f3<br \/>\nVezet\u00e9kes t\u00e1vir\u00e1ny\u00edt\u00f3 (Opci\u00f3)<br \/>\nDigit\u00e1lis kijelz\u00e9s<br \/>\n&#8222;COLD PLAZMA&#8221; ioniz\u00e1tor<br \/>\n&#8222;Hideg-katalitikus&#8221; sz\u0171r\u0151<br \/>\nPorsz\u0171r\u0151<br \/>\n\u00d6ntiszt\u00edt\u00f3 funkci\u00f3<br \/>\nMeleg ind\u00edt\u00e1s<br \/>\n&#8222;Follow me&#8221; funkci\u00f3<br \/>\n8\u00b0C temper\u00e1l\u00f3 f\u0171t\u00e9s<br \/>\n\u00c9jszakai \u00fczemm\u00f3d<br \/>\nP\u00e1r\u00e1tlan\u00edt\u00f3 \u00fczemm\u00f3d<br \/>\nTURB\u00d3 \u00fczemm\u00f3d<br \/>\nAlacsony zajszint\u0171 \u00fczemm\u00f3d\/ Csendes\u00edtett \u00fczemm\u00f3d<br \/>\nId\u0151z\u00edt\u00e9s 24 \u00f3ra (id\u0151 intervallum)<br \/>\nN\u00e9gyir\u00e1ny\u00fa automatikus l\u00e9gterel\u00e9s (Swing)<br \/>\nAutomatikus \u00e1tv\u00e1lt\u00e1s (h\u0171t\u00e9s-f\u0171t\u00e9s k\u00f6z\u00f6tt)<br \/>\nAutomatikus \u00fajraindul\u00e1s \u00e1ramkimarad\u00e1s eset\u00e9n<br \/>\nAutomatikusan ny\u00edl\u00f3 el\u0151lap<br \/>\n3D DC inverter<br \/>\n1 W fogyaszt\u00e1s stand-by \u00e1llapotban<br \/>\n5 fokozat\u00fa k\u00fclt\u00e9ri ventil\u00e1tor<br \/>\nH\u0151cser\u00e9l\u0151kisz\u00e1r\u00edt\u00f3 funkci\u00f3<br \/>\n&#8222;BLUE FIN&#8221;bevonat\u00fa h\u0151cser\u00e9\u0151<\/p>\n","protected":false},"excerpt":{"rendered":"<p>* A felt\u00fcntetett \u00e1r 3 foly\u00f3m\u00e9teres szerel\u00e9sig \u00e9rv\u00e9nyes. Ezen fel\u00fcl minden tov\u00e1bbi m\u00e9ter brutt\u00f3 15.000Ft\/m \u00e1ron ker\u00fcl felsz\u00e1mol\u00e1sra.<\/p>\n<p> <a class=\"more-link\" href=\"https:\/\/ft-klima.hu\/?product=fisher-art-silver-352kw\">B\u0151vebben<\/a><\/p>","protected":false},"featured_media":2108,"template":"","meta":[],"product_brand":[],"product_cat":[51],"product_tag":[],"class_list":{"0":"post-2111","1":"product","2":"type-product","3":"status-publish","4":"has-post-thumbnail","6":"product_cat-fisher-klima","8":"first","9":"instock","10":"taxable","11":"shipping-taxable","12":"purchasable","13":"product-type-simple"},"yoast_head":"<!-- This site is optimized with the Yoast SEO plugin v20.9 - https:\/\/yoast.com\/wordpress\/plugins\/seo\/ -->\n<title>Fisher Art (Silver) 3,52kW &mdash; FT-Klima<\/title>\n<meta name=\"description\" content=\"Fej\u00e9r - Tolna Kl\u00edma | Kransystem Kft. &mdash; Gree &mdash; Gorenje &mdash; LG &mdash; Polar &mdash; Midea &mdash; Daikin\" \/>\n<meta name=\"robots\" content=\"index, follow, max-snippet:-1, max-image-preview:large, max-video-preview:-1\" \/>\n<link rel=\"canonical\" href=\"https:\/\/ft-klima.hu\/?product=fisher-art-silver-352kw\" \/>\n<meta property=\"og:locale\" content=\"hu_HU\" \/>\n<meta property=\"og:type\" content=\"article\" \/>\n<meta property=\"og:title\" content=\"Fisher Art (Silver) 3,52kW &mdash; FT-Klima\" \/>\n<meta property=\"og:description\" content=\"Fej\u00e9r - Tolna Kl\u00edma | Kransystem Kft. &mdash; Gree &mdash; Gorenje &mdash; LG &mdash; Polar &mdash; Midea &mdash; Daikin\" \/>\n<meta property=\"og:url\" content=\"https:\/\/ft-klima.hu\/?product=fisher-art-silver-352kw\" \/>\n<meta property=\"og:site_name\" content=\"FT-Klima\" \/>\n<meta property=\"article:publisher\" content=\"https:\/\/www.facebook.com\/FejerTolnaKlima\" \/>\n<meta property=\"article:modified_time\" content=\"2024-07-15T10:26:58+00:00\" \/>\n<meta property=\"og:image\" content=\"https:\/\/ft-klima.hu\/wp-content\/uploads\/2023\/07\/Fisher-Art-Silver-komplett-1.png\" \/>\n\t<meta property=\"og:image:width\" content=\"2000\" \/>\n\t<meta property=\"og:image:height\" content=\"2000\" \/>\n\t<meta property=\"og:image:type\" content=\"image\/png\" \/>\n<meta name=\"twitter:card\" content=\"summary_large_image\" \/>\n<meta name=\"twitter:label1\" content=\"Becs\u00fclt olvas\u00e1si id\u0151\" \/>\n\t<meta name=\"twitter:data1\" content=\"1 perc\" \/>\n<script type=\"application\/ld+json\" class=\"yoast-schema-graph\">{\"@context\":\"https:\/\/schema.org\",\"@graph\":[{\"@type\":\"WebPage\",\"@id\":\"https:\/\/ft-klima.hu\/?product=fisher-art-silver-352kw\",\"url\":\"https:\/\/ft-klima.hu\/?product=fisher-art-silver-352kw\",\"name\":\"Fisher Art (Silver) 3,52kW &mdash; FT-Klima\",\"isPartOf\":{\"@id\":\"https:\/\/ft-klima.hu\/#website\"},\"datePublished\":\"2023-07-16T16:09:13+00:00\",\"dateModified\":\"2024-07-15T10:26:58+00:00\",\"description\":\"Fej\u00e9r - Tolna Kl\u00edma | Kransystem Kft. &mdash; Gree &mdash; Gorenje &mdash; LG &mdash; Polar &mdash; Midea &mdash; Daikin\",\"breadcrumb\":{\"@id\":\"https:\/\/ft-klima.hu\/?product=fisher-art-silver-352kw#breadcrumb\"},\"inLanguage\":\"hu\",\"potentialAction\":[{\"@type\":\"ReadAction\",\"target\":[\"https:\/\/ft-klima.hu\/?product=fisher-art-silver-352kw\"]}]},{\"@type\":\"BreadcrumbList\",\"@id\":\"https:\/\/ft-klima.hu\/?product=fisher-art-silver-352kw#breadcrumb\",\"itemListElement\":[{\"@type\":\"ListItem\",\"position\":1,\"name\":\"Kezd\u0151lap\",\"item\":\"https:\/\/ft-klima.hu\/\"},{\"@type\":\"ListItem\",\"position\":2,\"name\":\"\u00dczlet\",\"item\":\"https:\/\/ft-klima.hu\/?page_id=149\"},{\"@type\":\"ListItem\",\"position\":3,\"name\":\"Fisher Art (Silver) 3,52kW\"}]},{\"@type\":\"WebSite\",\"@id\":\"https:\/\/ft-klima.hu\/#website\",\"url\":\"https:\/\/ft-klima.hu\/\",\"name\":\"FT-Klima\",\"description\":\"Fej\u00e9r - Tolna Kl\u00edma\",\"publisher\":{\"@id\":\"https:\/\/ft-klima.hu\/#organization\"},\"potentialAction\":[{\"@type\":\"SearchAction\",\"target\":{\"@type\":\"EntryPoint\",\"urlTemplate\":\"https:\/\/ft-klima.hu\/?s={search_term_string}\"},\"query-input\":\"required name=search_term_string\"}],\"inLanguage\":\"hu\"},{\"@type\":\"Organization\",\"@id\":\"https:\/\/ft-klima.hu\/#organization\",\"name\":\"Fej\u00e9r - Tolna Kl\u00edma\",\"url\":\"https:\/\/ft-klima.hu\/\",\"logo\":{\"@type\":\"ImageObject\",\"inLanguage\":\"hu\",\"@id\":\"https:\/\/ft-klima.hu\/#\/schema\/logo\/image\/\",\"url\":\"https:\/\/ft-klima.hu\/wp-content\/uploads\/2023\/05\/cropped-logo_fekete.png\",\"contentUrl\":\"https:\/\/ft-klima.hu\/wp-content\/uploads\/2023\/05\/cropped-logo_fekete.png\",\"width\":837,\"height\":374,\"caption\":\"Fej\u00e9r - Tolna Kl\u00edma\"},\"image\":{\"@id\":\"https:\/\/ft-klima.hu\/#\/schema\/logo\/image\/\"},\"sameAs\":[\"https:\/\/www.facebook.com\/FejerTolnaKlima\"]}]}<\/script>\n<!-- \/ Yoast SEO plugin. -->","yoast_head_json":{"title":"Fisher Art (Silver) 3,52kW &mdash; FT-Klima","description":"Fej\u00e9r - Tolna Kl\u00edma | Kransystem Kft. &mdash; Gree &mdash; Gorenje &mdash; LG &mdash; Polar &mdash; Midea &mdash; Daikin","robots":{"index":"index","follow":"follow","max-snippet":"max-snippet:-1","max-image-preview":"max-image-preview:large","max-video-preview":"max-video-preview:-1"},"canonical":"https:\/\/ft-klima.hu\/?product=fisher-art-silver-352kw","og_locale":"hu_HU","og_type":"article","og_title":"Fisher Art (Silver) 3,52kW &mdash; FT-Klima","og_description":"Fej\u00e9r - Tolna Kl\u00edma | Kransystem Kft. &mdash; Gree &mdash; Gorenje &mdash; LG &mdash; Polar &mdash; Midea &mdash; Daikin","og_url":"https:\/\/ft-klima.hu\/?product=fisher-art-silver-352kw","og_site_name":"FT-Klima","article_publisher":"https:\/\/www.facebook.com\/FejerTolnaKlima","article_modified_time":"2024-07-15T10:26:58+00:00","og_image":[{"width":2000,"height":2000,"url":"https:\/\/ft-klima.hu\/wp-content\/uploads\/2023\/07\/Fisher-Art-Silver-komplett-1.png","type":"image\/png"}],"twitter_card":"summary_large_image","twitter_misc":{"Becs\u00fclt olvas\u00e1si id\u0151":"1 perc"},"schema":{"@context":"https:\/\/schema.org","@graph":[{"@type":"WebPage","@id":"https:\/\/ft-klima.hu\/?product=fisher-art-silver-352kw","url":"https:\/\/ft-klima.hu\/?product=fisher-art-silver-352kw","name":"Fisher Art (Silver) 3,52kW &mdash; FT-Klima","isPartOf":{"@id":"https:\/\/ft-klima.hu\/#website"},"datePublished":"2023-07-16T16:09:13+00:00","dateModified":"2024-07-15T10:26:58+00:00","description":"Fej\u00e9r - Tolna Kl\u00edma | Kransystem Kft. &mdash; Gree &mdash; Gorenje &mdash; LG &mdash; Polar &mdash; Midea &mdash; Daikin","breadcrumb":{"@id":"https:\/\/ft-klima.hu\/?product=fisher-art-silver-352kw#breadcrumb"},"inLanguage":"hu","potentialAction":[{"@type":"ReadAction","target":["https:\/\/ft-klima.hu\/?product=fisher-art-silver-352kw"]}]},{"@type":"BreadcrumbList","@id":"https:\/\/ft-klima.hu\/?product=fisher-art-silver-352kw#breadcrumb","itemListElement":[{"@type":"ListItem","position":1,"name":"Kezd\u0151lap","item":"https:\/\/ft-klima.hu\/"},{"@type":"ListItem","position":2,"name":"\u00dczlet","item":"https:\/\/ft-klima.hu\/?page_id=149"},{"@type":"ListItem","position":3,"name":"Fisher Art (Silver) 3,52kW"}]},{"@type":"WebSite","@id":"https:\/\/ft-klima.hu\/#website","url":"https:\/\/ft-klima.hu\/","name":"FT-Klima","description":"Fej\u00e9r - Tolna Kl\u00edma","publisher":{"@id":"https:\/\/ft-klima.hu\/#organization"},"potentialAction":[{"@type":"SearchAction","target":{"@type":"EntryPoint","urlTemplate":"https:\/\/ft-klima.hu\/?s={search_term_string}"},"query-input":"required name=search_term_string"}],"inLanguage":"hu"},{"@type":"Organization","@id":"https:\/\/ft-klima.hu\/#organization","name":"Fej\u00e9r - Tolna Kl\u00edma","url":"https:\/\/ft-klima.hu\/","logo":{"@type":"ImageObject","inLanguage":"hu","@id":"https:\/\/ft-klima.hu\/#\/schema\/logo\/image\/","url":"https:\/\/ft-klima.hu\/wp-content\/uploads\/2023\/05\/cropped-logo_fekete.png","contentUrl":"https:\/\/ft-klima.hu\/wp-content\/uploads\/2023\/05\/cropped-logo_fekete.png","width":837,"height":374,"caption":"Fej\u00e9r - Tolna Kl\u00edma"},"image":{"@id":"https:\/\/ft-klima.hu\/#\/schema\/logo\/image\/"},"sameAs":["https:\/\/www.facebook.com\/FejerTolnaKlima"]}]}},"_links":{"self":[{"href":"https:\/\/ft-klima.hu\/index.php?rest_route=\/wp\/v2\/product\/2111","targetHints":{"allow":["GET"]}}],"collection":[{"href":"https:\/\/ft-klima.hu\/index.php?rest_route=\/wp\/v2\/product"}],"about":[{"href":"https:\/\/ft-klima.hu\/index.php?rest_route=\/wp\/v2\/types\/product"}],"wp:featuredmedia":[{"embeddable":true,"href":"https:\/\/ft-klima.hu\/index.php?rest_route=\/wp\/v2\/media\/2108"}],"wp:attachment":[{"href":"https:\/\/ft-klima.hu\/index.php?rest_route=%2Fwp%2Fv2%2Fmedia&parent=2111"}],"wp:term":[{"taxonomy":"product_brand","embeddable":true,"href":"https:\/\/ft-klima.hu\/index.php?rest_route=%2Fwp%2Fv2%2Fproduct_brand&post=2111"},{"taxonomy":"product_cat","embeddable":true,"href":"https:\/\/ft-klima.hu\/index.php?rest_route=%2Fwp%2Fv2%2Fproduct_cat&post=2111"},{"taxonomy":"product_tag","embeddable":true,"href":"https:\/\/ft-klima.hu\/index.php?rest_route=%2Fwp%2Fv2%2Fproduct_tag&post=2111"}],"curies":[{"name":"wp","href":"https:\/\/api.w.org\/{rel}","templated":true}]}}